{"id":1034,"date":"2021-07-01T12:02:12","date_gmt":"2021-07-01T10:02:12","guid":{"rendered":"http:\/\/mmc-dev.de\/about-us\/beirat\/"},"modified":"2026-03-13T05:39:48","modified_gmt":"2026-03-13T04:39:48","slug":"beirat","status":"publish","type":"page","link":"https:\/\/snsb.de\/en\/about-us\/beirat\/","title":{"rendered":"Advisory Board"},"content":{"rendered":"\n<p>The SNSB Advisory Board provides advice and support to improve the structural, infrastructural and financial situation, helps in shaping the profile and joint presentation of the collections to the public and in the conservation and development of the collections as research infrastructure and cultural assets. The Board members are appointed by the Bavarian State Ministry for Sciences, Research and the Arts for a period of 3 years<\/p>\n\n\n\n<p>Members:<\/p>\n\n\n\n<ul class=\"wp-block-list\">\n<li><strong>Herr Prof. Dr. Ken Arnold,<\/strong> Direktor Department of Public Health, University of Copenhagen, Wellcome Collection, Medical Museion<\/li>\n\n\n\n<li><strong>Frau Stephanie Czerny,<\/strong> Gesch\u00e4ftsf\u00fchrerin DLD Media GmbH, Hubert Burda Media<\/li>\n\n\n\n<li><strong>Prof. Dr. Gerhard Heide,<\/strong> Gesch\u00e4ftsf\u00fchrender Institutsdirektor, Institut f\u00fcr Mineralogie der TU Bergakademie Freiberg<\/li>\n\n\n\n<li><strong>Dr. Bernd Herkner<\/strong>, Direktor Naturhistorisches Museum Mainz<\/li>\n\n\n\n<li><strong>Prof. Dr. Doris Lewalter<\/strong>, Inhaberin der Professur f\u00fcr Formelles und Informelles Lernen, Technische Universit\u00e4t M\u00fcnchen<\/li>\n\n\n\n<li><strong>Frau Prof. Dr. Birgit Jana Neuhaus<\/strong>, Lehrstuhlleitung Didaktik der Biologie, Ludwig-Maximilians-Universit\u00e4t M\u00fcnchen (LMU)<\/li>\n\n\n\n<li><strong>Prof. Dr. Jes Rust<\/strong>, Institut f\u00fcr Geowissenschaften, Rheinische Friedrich-Wilhelms-Universit\u00e4t Bonn<\/li>\n\n\n\n<li><strong>Dr. Kathrin Vohland<\/strong>, Generaldirektorin und wissenschaftliche Gesch\u00e4ftsf\u00fchrerin, Naturhistorisches Museum Wien<\/li>\n\n\n\n<li><strong>Prof. Dr. Dr. h.c. Karsten Wesche<\/strong>, <strong>chairman of the advisory board<\/strong>, Senckenberg Gesellschaft f\u00fcr Naturforschung<\/li>\n<\/ul>\n","protected":false},"excerpt":{"rendered":"<p>The SNSB Advisory Board provides advice and support to improve the structural, infrastructural and financial situation, helps in shaping the profile and joint presentation of the collections to the public and in the conservation and development of the collections as research infrastructure and cultural assets. The Board members are appointed by the Bavarian State Ministry [&hellip;]<\/p>\n","protected":false},"author":4,"featured_media":4118,"parent":685,"menu_order":4,"comment_status":"closed","ping_status":"closed","template":"","meta":{"_acf_changed":false,"footnotes":""},"class_list":["post-1034","page","type-page","status-publish","has-post-thumbnail","hentry"],"acf":[],"_links":{"self":[{"href":"https:\/\/snsb.de\/en\/wp-json\/wp\/v2\/pages\/1034","targetHints":{"allow":["GET"]}}],"collection":[{"href":"https:\/\/snsb.de\/en\/wp-json\/wp\/v2\/pages"}],"about":[{"href":"https:\/\/snsb.de\/en\/wp-json\/wp\/v2\/types\/page"}],"author":[{"embeddable":true,"href":"https:\/\/snsb.de\/en\/wp-json\/wp\/v2\/users\/4"}],"replies":[{"embeddable":true,"href":"https:\/\/snsb.de\/en\/wp-json\/wp\/v2\/comments?post=1034"}],"version-history":[{"count":4,"href":"https:\/\/snsb.de\/en\/wp-json\/wp\/v2\/pages\/1034\/revisions"}],"predecessor-version":[{"id":16757,"href":"https:\/\/snsb.de\/en\/wp-json\/wp\/v2\/pages\/1034\/revisions\/16757"}],"up":[{"embeddable":true,"href":"https:\/\/snsb.de\/en\/wp-json\/wp\/v2\/pages\/685"}],"wp:featuredmedia":[{"embeddable":true,"href":"https:\/\/snsb.de\/en\/wp-json\/wp\/v2\/media\/4118"}],"wp:attachment":[{"href":"https:\/\/snsb.de\/en\/wp-json\/wp\/v2\/media?parent=1034"}],"curies":[{"name":"wp","href":"https:\/\/api.w.org\/{rel}","templated":true}]}}