{"id":10405,"date":"2024-01-23T10:03:59","date_gmt":"2024-01-23T09:03:59","guid":{"rendered":"https:\/\/snsb.de\/foerdervereine\/"},"modified":"2026-03-11T07:02:33","modified_gmt":"2026-03-11T06:02:33","slug":"foerdervereine","status":"publish","type":"page","link":"https:\/\/snsb.de\/en\/foerdervereine\/","title":{"rendered":"Support of the SNSB collections and museums"},"content":{"rendered":"\n<h3 class=\"wp-block-heading\">Freunde der Bayerischen Staatssammlung f\u00fcr Pal\u00e4ontologie und Geologie M\u00fcnchen e.V.<\/h3>\n\n\n\n<p>Chair: apl. Prof. Dr. Oliver Rauhut<br>Contact: <a href=\"mailto:info@freunde-bspg.de\">info@freunde-bspg.de<\/a><\/p>\n\n\n\n<p>c\/o Bayerische Staatssammlung f\u00fcr Pal\u00e4ontologie und Geologie<br>Richard-Wagner-Stra\u00dfe 10<br>80333 M\u00fcnchen<br><a href=\"https:\/\/freunde-bspg.de\" target=\"_blank\" rel=\"noreferrer noopener\">Website Freunde der BSPG<\/a><\/p>\n\n\n\n<h3 class=\"wp-block-heading\">Freunde der Mineralogischen Staatssammlung e.V.<\/h3>\n\n\n\n<p>Chair: Dr. Fabian Dellefant<br>Contact: <a href=\"mailto:fabian.dellefant@lmu.de\">fabian.dellefant@lmu.de<\/a><\/p>\n\n\n\n<p>c\/o Mineralogische Staatssammlung M\u00fcnchen<br>Theresienstra\u00dfe 41<br>80333 M\u00fcnchen<\/p>\n\n\n\n<h3 class=\"wp-block-heading\">Freunde der Zoologischen Staatssammlung M\u00fcnchen e.V.<\/h3>\n\n\n\n<p>Chair: Dr. Eric Diener<br>Contact: <a href=\"mailto:info@freunde-zsm.de\">info@freunde-zsm.de<\/a><\/p>\n\n\n\n<p>c\/o Zoologische Staatssammlung M\u00fcnchen<br>M\u00fcnchhausenstra\u00dfe 21<br>81247 M\u00fcnchen<br><a href=\"https:\/\/freunde-zsm.de\" target=\"_blank\" rel=\"noreferrer noopener\">Website Freunde der ZSM<\/a><\/p>\n\n\n\n<h3 class=\"wp-block-heading\">Freunde des Naturkundemuseums Bamberg e.V.<\/h3>\n\n\n\n<p>Chair: Dr. Christoph Schindler<br>Contact: <a href=\"mailto:freunde-nkmb@posteo.de\">freunde-nkmb@posteo.de<\/a><\/p>\n\n\n\n<p>c\/o Naturkundemuseum Bamberg<br>Fleischstra\u00dfe 2<br>96047 Bamberg<br><a href=\"https:\/\/www.naturkundemuseum-bamberg.de\/ueber-uns\/foerderverein\" target=\"_blank\" rel=\"noreferrer noopener\">Website Freunde des Naturkundemuseums Bamberg<\/a><\/p>\n\n\n\n<h3 class=\"wp-block-heading\">Freunde des RiesKraterMuseums e.V.<\/h3>\n\n\n\n<p>Chair: Dr. Oliver Sachs<br>Contact: <a href=\"mailto:info@freunde-des-rieskratermuseums.de\">info@freunde-des-rieskratermuseums.de<\/a><\/p>\n\n\n\n<p>H\u00e4ndelstra\u00dfe 8<br>86720 N\u00f6rdlingen<br><a href=\"http:\/\/www.freunde-des-rieskratermuseums.de\" target=\"_blank\" rel=\"noreferrer noopener\">Website Freunde des RiesKraterMuseums<\/a><\/p>\n\n\n\n<h3 class=\"wp-block-heading\">Freundeskreis der Geologischen Staatssammlung M\u00fcnchen e.V.<\/h3>\n\n\n\n<p>Chair: Cornelia Bonert<br>Contact: <a href=\"mailto:freundeskreis-geologie@web.de\">freundeskreis-geologie@web.de<\/a><\/p>\n\n\n\n<p>c\/o Bayerische Staatssammlung f\u00fcr Pal\u00e4ontologie und Geologie<br>Richard-Wagner-Stra\u00dfe 10<br>80333 M\u00fcnchen<br><a href=\"http:\/\/www.freunde-der-geologie.de\" target=\"_blank\" rel=\"noreferrer noopener\">Website Freunde der Geologie<\/a><\/p>\n\n\n\n<h3 class=\"wp-block-heading\">Gesellschaft der Freunde des Botanischen Gartens M\u00fcnchen-Nymphenburg e.V.<\/h3>\n\n\n\n<p>Chair: Dr. Ehrentraud Bayer<br>Contact: <a href=\"mailto:info@freunde-bot-garten-muenchen.de\">info@freunde-bot-garten-muenchen.de<\/a><\/p>\n\n\n\n<p>Menzinger Stra\u00dfe 67<br>80638 M\u00fcnchen<br><a href=\"https:\/\/www.freunde-bot-garten-muenchen.de\" target=\"_blank\" rel=\"noreferrer noopener\">Freunde Botanischer Garten M\u00fcnchen<\/a><\/p>\n\n\n\n<h3 class=\"wp-block-heading\">Naturwissenschaftliche Gesellschaft Bayreuth e.V.<\/h3>\n\n\n\n<p>Chair: Dr. Andreas Peterek<br>Contact: <a href=\"mailto:nwg-bayreuth@gmx.de\">nwg-bayreuth@gmx.de<\/a><\/p>\n\n\n\n<p>c\/o Lehrstuhl Geomorphologie<br>Universit\u00e4t Bayreuth<br>95440 Bayreuth<br><a href=\"https:\/\/www.nwg-bt.de\" target=\"_blank\" rel=\"noreferrer noopener\">Website Naturwissenschaftliche Gesellschaft Bayreuth<\/a><\/p>\n\n\n\n<h3 class=\"wp-block-heading\">Verein der Freunde des Jura-Museums Eichst\u00e4tt e.V.<\/h3>\n\n\n\n<p>Chair: Gerhard Ruf<br>Contact: <a href=\"mailto:foerderverein-jme@outlook.de\">foerderverein-jme@outlook.de<\/a><\/p>\n\n\n\n<p>c\/o Jura-Museum<br>Willibaldsburg<br>Burgstra\u00dfe 19<br>85072 Eichst\u00e4tt<br><a href=\"https:\/\/foerderverein-juramuseum.de\" target=\"_blank\" rel=\"noreferrer noopener\">Website Freunde Jura-Museum<\/a><\/p>\n\n\n\n<h3 class=\"wp-block-heading\">Verein der Freunde und F\u00f6rderer des Museums Mensch und Natur e.V.<\/h3>\n\n\n\n<p>Chair: Dorothea B\u00f6hm<br>Contact: <a href=\"mailto:foerderverein@musmn.de\">foerderverein@musmn.de<\/a><\/p>\n\n\n\n<p>c\/o Museum Mensch und Natur<br>Schloss Nymphenburg<br>80638 M\u00fcnchen<br><a href=\"https:\/\/mmn-muenchen.snsb.de\/foerderverein\" target=\"_blank\" rel=\"noreferrer noopener\">Website Freunde Museum Mensch und Natur<\/a><\/p>\n\n\n\n<h3 class=\"wp-block-heading\">F\u00f6rderkreis BIOTOPIA \u2013 Naturkundemuseum Bayern e.V.<\/h3>\n\n\n\n<p>Chair: Dr. Auguste von Bayern<br>Contact: <a href=\"mailto:vorstand.foerderkreis@biotopia.net\">vorstand.foerderkreis@biotopia.net<\/a><\/p>\n\n\n\n<p>Naturkundemuseum Bayern mit BIOTOPIA Lab<br>Menzinger Stra\u00dfe 67<br>80638 M\u00fcnchen<br><a href=\"https:\/\/www.biotopia.net\/de\/foerdern\/foerderkreis\" target=\"_blank\" rel=\"noreferrer noopener\">Website F\u00f6rderkreis BIOTOPIA \u2013 Naturkundemuseum Bayern<\/a><\/p>\n","protected":false},"excerpt":{"rendered":"<p>Freunde der Bayerischen Staatssammlung f\u00fcr Pal\u00e4ontologie und Geologie M\u00fcnchen e.V. Chair: apl. Prof. Dr. Oliver RauhutContact: info@freunde-bspg.de c\/o Bayerische Staatssammlung f\u00fcr Pal\u00e4ontologie und GeologieRichard-Wagner-Stra\u00dfe 1080333 M\u00fcnchenWebsite Freunde der BSPG Freunde der Mineralogischen Staatssammlung e.V. Chair: Dr. Fabian DellefantContact: fabian.dellefant@lmu.de c\/o Mineralogische Staatssammlung M\u00fcnchenTheresienstra\u00dfe 4180333 M\u00fcnchen Freunde der Zoologischen Staatssammlung M\u00fcnchen e.V. Chair: Dr. Eric DienerContact: [&hellip;]<\/p>\n","protected":false},"author":4,"featured_media":7215,"parent":0,"menu_order":0,"comment_status":"closed","ping_status":"closed","template":"","meta":{"_acf_changed":false,"footnotes":""},"class_list":["post-10405","page","type-page","status-publish","has-post-thumbnail","hentry"],"acf":[],"_links":{"self":[{"href":"https:\/\/snsb.de\/en\/wp-json\/wp\/v2\/pages\/10405","targetHints":{"allow":["GET"]}}],"collection":[{"href":"https:\/\/snsb.de\/en\/wp-json\/wp\/v2\/pages"}],"about":[{"href":"https:\/\/snsb.de\/en\/wp-json\/wp\/v2\/types\/page"}],"author":[{"embeddable":true,"href":"https:\/\/snsb.de\/en\/wp-json\/wp\/v2\/users\/4"}],"replies":[{"embeddable":true,"href":"https:\/\/snsb.de\/en\/wp-json\/wp\/v2\/comments?post=10405"}],"version-history":[{"count":8,"href":"https:\/\/snsb.de\/en\/wp-json\/wp\/v2\/pages\/10405\/revisions"}],"predecessor-version":[{"id":16747,"href":"https:\/\/snsb.de\/en\/wp-json\/wp\/v2\/pages\/10405\/revisions\/16747"}],"wp:featuredmedia":[{"embeddable":true,"href":"https:\/\/snsb.de\/en\/wp-json\/wp\/v2\/media\/7215"}],"wp:attachment":[{"href":"https:\/\/snsb.de\/en\/wp-json\/wp\/v2\/media?parent=10405"}],"curies":[{"name":"wp","href":"https:\/\/api.w.org\/{rel}","templated":true}]}}