{"id":4281,"date":"2021-05-10T10:51:43","date_gmt":"2021-05-10T08:51:43","guid":{"rendered":"http:\/\/mmc-dev.de\/about-us\/snsb-publikationen\/"},"modified":"2021-11-03T09:50:51","modified_gmt":"2021-11-03T08:50:51","slug":"snsb-publikationen","status":"publish","type":"page","link":"https:\/\/snsb.de\/en\/about-us\/snsb-publikationen\/","title":{"rendered":"SNSB Publications"},"content":{"rendered":"\n<h3 class=\"wp-block-heading\">Jahresecho &#8211; Aus den Staatlichen Naturwissenschaftlichen Sammlungen Bayerns (Yearbook)<\/h3>\n\n\n\n<p>The SNSB yearbook <em>Jahresecho<\/em> informs about current research projects, exhibitions, future projects, new scientific staff members and much more.<\/p>\n\n\n\n<p><a href=\"http:\/\/snsb.de\/ueber-uns\/jahresecho\/\" data-type=\"page\" data-id=\"26\">all issues (in German)<\/a><\/p>\n\n\n\n<h3 class=\"wp-block-heading\">Annual report<\/h3>\n\n\n\n<p>Until 2018, the SNSB annual reports provided an overview of research, exhibitions, collection development, etc. of all statecollections and museums.<\/p>\n\n\n\n<h3 class=\"wp-block-heading\">Scientific journals<\/h3>\n\n\n\n<p>The SNSB publish the following scientific journals:<\/p>\n\n\n\n<h4 class=\"wp-block-heading\"><a href=\"https:\/\/www.zsm.mwn.de\/die-zsm\/spixiana\/\" target=\"_blank\" rel=\"noreferrer noopener\">Spixiana &#8211; Zeitschrift f\u00fcr Zoologie<\/a><\/h4>\n\n\n\n<p><strong>Publisher:<\/strong> Zoologische Staatssammlung M\u00fcnchen<\/p>\n\n\n\n<p>SPIXIANA publishes original contributions to zoology, preferably to the fields of taxonomy, morphology, phylogeny, and zoogeography. One volume with two issues is published each year. Monographs can be published as SPIXIANA Supplement.<\/p>\n\n\n\n<hr class=\"wp-block-separator\" \/>\n\n\n\n<h4 class=\"wp-block-heading\"><a href=\"https:\/\/bspg.palmuc.org\/index.php\/de\/publikationen-zitteliana\" target=\"_blank\" rel=\"noreferrer noopener\">Zitteliana<\/a><\/h4>\n\n\n\n<p><strong>Publisher:<\/strong> Bayerische Staatssammlung f\u00fcr Pal\u00e4ontologie und Geologie<\/p>\n\n\n\n<p>The journal and its predecessors &#8220;Mitteilungen der Bayerischen Staatssammlung f\u00fcr Pal\u00e4ontologie und historische Geologie&#8221; and &#8220;Zitteliana &#8211; Abhandlungen der Bayerischen Staatssammlung f\u00fcr Pal\u00e4ontologie und historische Geologie&#8221;, Zitteliana A and B, look back on a tradition of more than 50 years. In addition to a traditional print version of our journal, we offer online first publication of all accepted manuscripts and open online access to all published volumes.<\/p>\n\n\n\n<p><a href=\"https:\/\/zitteliana.pensoft.net\/about\">https:\/\/zitteliana.pensoft.net\/about<\/a><\/p>\n\n\n\n<hr class=\"wp-block-separator\" \/>\n\n\n\n<h4 class=\"wp-block-heading\" id=\"btitel\"><a href=\"http:\/\/www.sapm.mwn.de\/anthropologie\/index.php\/de\/jahrbuch\" target=\"_blank\" rel=\"noreferrer noopener\">Documenta Archaeobiologiae<\/a><\/h4>\n\n\n\n<p><strong>Publisher:  <\/strong>Staatssammlung f\u00fcr Anthropologie M\u00fcnchen,  Staatssammlung f\u00fcr Pal\u00e4oanatomie M\u00fcnchen <\/p>\n\n\n\n<p>The yearbook Documenta Archaeobiologiae of the State Collection of Anthropology and Paleoanatomy publishes research papers, focus articles, and short articles that originate in the field of interaction between the natural sciences and archaeology. Emphasis is placed on presenting research results obtained on the material of bioarchaeological collections.<\/p>\n\n\n\n<p>The aim is to present the research potential of SAM\/SPM collections and to strengthen the dialogue between natural sciences, especially biology, and cultural or social sciences in order to obtain a complete historical picture. Preserved remains of humans, animals, and plants are important empirical sources that provide clues about, for example, the development of historical populations, animal and plant domestication and use, and historical environments.<\/p>\n\n\n\n<hr class=\"wp-block-separator\" \/>\n\n\n\n<h4 class=\"wp-block-heading\"><a rel=\"noreferrer noopener\" href=\"https:\/\/www.jura-museum.de\/index.php\/de\/foerderverein2\/zeitschrift\" target=\"_blank\">Archaeopteryx<\/a><\/h4>\n\n\n\n<p><strong>Publisher:<\/strong>  Freunde des Jura-Museums e.V. <\/p>\n\n\n\n<p>The annual journal Archaeopteryx publishes geoscientific and bioscientific works about the region of the Southern Franconian Alb and the adjacent areas. A special focus is on the geology and paleontology of the Solnhofen plate limestones and their comparison with other plate limestone deposits. Archaeopteryx accepts contributions in English and German. Acceptance of manuscripts is decided by the editors or the editorial board after review by one or two independent referees.<\/p>\n\n\n\n<h3 class=\"wp-block-heading\">Scientific Publications<\/h3>\n\n\n\n<p>Detailed publication lists of SNSB scientists are provided on the individual staff pages.<\/p>\n","protected":false},"excerpt":{"rendered":"<p>Jahresecho &#8211; Aus den Staatlichen Naturwissenschaftlichen Sammlungen Bayerns (Yearbook) The SNSB yearbook Jahresecho informs about current research projects, exhibitions, future projects, new scientific staff members and much more. all issues (in German) Annual report Until 2018, the SNSB annual reports provided an overview of research, exhibitions, collection development, etc. of all statecollections and museums. Scientific [&hellip;]<\/p>\n","protected":false},"author":1,"featured_media":2831,"parent":685,"menu_order":7,"comment_status":"closed","ping_status":"closed","template":"","meta":{"_acf_changed":false,"footnotes":""},"class_list":["post-4281","page","type-page","status-publish","has-post-thumbnail","hentry"],"acf":[],"_links":{"self":[{"href":"https:\/\/snsb.de\/en\/wp-json\/wp\/v2\/pages\/4281","targetHints":{"allow":["GET"]}}],"collection":[{"href":"https:\/\/snsb.de\/en\/wp-json\/wp\/v2\/pages"}],"about":[{"href":"https:\/\/snsb.de\/en\/wp-json\/wp\/v2\/types\/page"}],"author":[{"embeddable":true,"href":"https:\/\/snsb.de\/en\/wp-json\/wp\/v2\/users\/1"}],"replies":[{"embeddable":true,"href":"https:\/\/snsb.de\/en\/wp-json\/wp\/v2\/comments?post=4281"}],"version-history":[{"count":0,"href":"https:\/\/snsb.de\/en\/wp-json\/wp\/v2\/pages\/4281\/revisions"}],"up":[{"embeddable":true,"href":"https:\/\/snsb.de\/en\/wp-json\/wp\/v2\/pages\/685"}],"wp:featuredmedia":[{"embeddable":true,"href":"https:\/\/snsb.de\/en\/wp-json\/wp\/v2\/media\/2831"}],"wp:attachment":[{"href":"https:\/\/snsb.de\/en\/wp-json\/wp\/v2\/media?parent=4281"}],"curies":[{"name":"wp","href":"https:\/\/api.w.org\/{rel}","templated":true}]}}