{"id":701,"date":"2021-05-10T17:26:30","date_gmt":"2021-05-10T15:26:30","guid":{"rendered":"http:\/\/mmc-dev.de\/museen-und-botanischer-garten\/"},"modified":"2025-12-15T11:04:25","modified_gmt":"2025-12-15T10:04:25","slug":"dialogue","status":"publish","type":"page","link":"https:\/\/snsb.de\/en\/dialogue\/","title":{"rendered":"Dialogue"},"content":{"rendered":"\n<p>Science is building knowledge &#8211; for natural history collections, this includes not only research work but also educational work to transport knowledge into the general public. In addition to school lessons, extracurricular places of learning, such as natural history museums, the showcases of natural history collections, are also in demand here.<\/p>\n\n\n\n<p>In addition to the Bavarian State Collections of Natural History in the fields of zoology, botany, geology and palaeontology, mineralogy, anthropology and palaeoanatomy, the SNSB unites ten natural history museums. Five of them are located in Munich: the Museum Mensch und Natur, the Museum Mineralogia M\u00fcnchen, the Palaeontological Museum and the Geological Museum and the BIOTOPIA Lab. The Botanical Garden M\u00fcnchen-Nymphenburg is also located in Munich. Bavaria is also home to five other SNSB museums: the Naturkunde-Museum Bamberg, the Urwelt-Museum Oberfranken in Bayreuth, the Jura-Museum Eichst\u00e4tt, the RiesCraterMuseum N\u00f6rdlingen and the Bionicum N\u00fcrnberg.<\/p>\n\n\n\n<p>The SNSB museums present around 30-40 temporary exhibitions per year. 800,000 people visit the exhibitions of the Bavarian State Collections of Natural History, including the Botanical Garden, every year.<\/p>\n\n\n\n<p><\/p>\n","protected":false},"excerpt":{"rendered":"<p>Science is building knowledge &#8211; for natural history collections, this includes not only research work but also educational work to transport knowledge into the general public. In addition to school lessons, extracurricular places of learning, such as natural history museums, the showcases of natural history collections, are also in demand here. In addition to the [&hellip;]<\/p>\n","protected":false},"author":1,"featured_media":15812,"parent":0,"menu_order":20,"comment_status":"closed","ping_status":"closed","template":"","meta":{"_acf_changed":false,"footnotes":""},"class_list":["post-701","page","type-page","status-publish","has-post-thumbnail","hentry"],"acf":[],"_links":{"self":[{"href":"https:\/\/snsb.de\/en\/wp-json\/wp\/v2\/pages\/701","targetHints":{"allow":["GET"]}}],"collection":[{"href":"https:\/\/snsb.de\/en\/wp-json\/wp\/v2\/pages"}],"about":[{"href":"https:\/\/snsb.de\/en\/wp-json\/wp\/v2\/types\/page"}],"author":[{"embeddable":true,"href":"https:\/\/snsb.de\/en\/wp-json\/wp\/v2\/users\/1"}],"replies":[{"embeddable":true,"href":"https:\/\/snsb.de\/en\/wp-json\/wp\/v2\/comments?post=701"}],"version-history":[{"count":7,"href":"https:\/\/snsb.de\/en\/wp-json\/wp\/v2\/pages\/701\/revisions"}],"predecessor-version":[{"id":15810,"href":"https:\/\/snsb.de\/en\/wp-json\/wp\/v2\/pages\/701\/revisions\/15810"}],"wp:featuredmedia":[{"embeddable":true,"href":"https:\/\/snsb.de\/en\/wp-json\/wp\/v2\/media\/15812"}],"wp:attachment":[{"href":"https:\/\/snsb.de\/en\/wp-json\/wp\/v2\/media?parent=701"}],"curies":[{"name":"wp","href":"https:\/\/api.w.org\/{rel}","templated":true}]}}